{"id":1145205,"date":"2019-02-14T06:16:50","date_gmt":"2019-02-14T06:16:50","guid":{"rendered":"https:\/\/stagingv2.wpdeveloper.com\/blog-de-wordpress\/"},"modified":"2024-05-14T12:11:58","modified_gmt":"2024-05-14T12:11:58","slug":"blog","status":"publish","type":"page","link":"https:\/\/stagingv2.wpdeveloper.com\/es\/blog\/","title":{"rendered":"Blog de WordPress"},"content":{"rendered":"\t\t<div data-elementor-type=\"wp-post\" data-elementor-id=\"1145205\" class=\"elementor elementor-1145205 elementor-201587\" data-elementor-post-type=\"page\">\n\t\t\t\t\t\t<section data-particle_enable=\"false\" data-particle-mobile-disabled=\"false\" class=\"elementor-section elementor-top-section elementor-element elementor-element-7403e02 elementor-section-boxed elementor-section-height-default elementor-section-height-default\" data-id=\"7403e02\" data-element_type=\"section\" data-settings=\"{&quot;background_background&quot;:&quot;gradient&quot;}\">\n\t\t\t\t\t\t\t<div class=\"elementor-background-overlay\"><\/div>\n\t\t\t\t\t\t\t<div class=\"elementor-container elementor-column-gap-default\">\n\t\t\t\t\t<div class=\"elementor-column elementor-col-100 elementor-top-column elementor-element elementor-element-c962aa2\" data-id=\"c962aa2\" data-element_type=\"column\">\n\t\t\t<div class=\"elementor-widget-wrap elementor-element-populated\">\n\t\t\t\t\t\t<div class=\"elementor-element elementor-element-d17708d elementor-widget elementor-widget-heading\" data-id=\"d17708d\" data-element_type=\"widget\" data-widget_type=\"heading.default\">\n\t\t\t\t<div class=\"elementor-widget-container\">\n\t\t\t<h2 class=\"elementor-heading-title elementor-size-default\">\u00danete a nuestro AWESOME Newsletter con m\u00e1s de 6 millones de usuarios,\n\u00a1Para mejorar en WordPress con Consejos, Trucos y Ofertas!  <\/h2>\t\t<\/div>\n\t\t\t\t<\/div>\n\t\t\t\t<div class=\"elementor-element elementor-element-1b124a0 eael-mailchimp-message-text-default elementor-widget elementor-widget-eael-mailchimp\" data-id=\"1b124a0\" data-element_type=\"widget\" data-widget_type=\"eael-mailchimp.default\">\n\t\t\t\t<div class=\"elementor-widget-container\">\n\t\t\t\t\t\t\t\t<div class=\"eael-mailchimp-wrap eael-mailchimp-inline\" data-mailchimp-id=\"1b124a0\" data-list-id=\"9a599512fd\" data-button-text=\"Inscr\u00edbete\" data-success-text=\"\u00a1Te has suscrito correctamente!\" data-pending-text=\"Please check your email and confirm subscription!\" data-loading-text=\"Presentar...\" >\n\t\t\t\t<form id=\"eael-mailchimp-form-1b124a0\" method=\"POST\">\n\t\t\t\t\t<div class=\"eael-form-fields-wrapper eael-mailchimp-fields-wrapper eael-mailchimp-btn-inline\">\n\t\t\t\t\t\t<div class=\"eael-field-group eael-mailchimp-email\">\n\t\t\t\t\t\t\t<label for=\"\"><\/label>\n\t\t\t\t\t\t\t<input type=\"email\" name=\"eael_mailchimp_email\" class=\"eael-mailchimp-input\" placeholder=\"Email\" required=\"required\">\n\t\t\t\t\t\t<\/div>\n\t\t\t\t\t\t\t\t\t\t\t\t\n                        \n\t\t\t\t\t\t<div class=\"eael-field-group eael-mailchimp-submit-btn\">\n\t\t\t\t\t\t\t<button type=\"submit\" id=\"eael-subscribe-1b124a0\" class=\"eael-button eael-mailchimp-subscribe\">\n\t\t\t\t\t\t\t\t<div class=\"eael-btn-loader button__loader\"><\/div>\n\t\t\t\t\t\t\t\t<span>Inscr\u00edbete<\/span>\n\t\t\t\t\t\t\t<\/button>\n\t\t\t\t\t\t<\/div>\n\t\t\t\t\t<\/div>\n\t\t\t\t\t<div class=\"eael-mailchimp-message\"><\/div>\n\t\t\t\t<\/form>\n\t\t\t<\/div>\n\t\t\n\t\t<\/div>\n\t\t\t\t<\/div>\n\t\t\t\t\t<\/div>\n\t\t<\/div>\n\t\t\t\t\t<\/div>\n\t\t<\/section>\n\t\t\t\t<section data-particle_enable=\"false\" data-particle-mobile-disabled=\"false\" class=\"elementor-section elementor-top-section elementor-element elementor-element-139b1bdf elementor-section-boxed elementor-section-height-default elementor-section-height-default\" data-id=\"139b1bdf\" data-element_type=\"section\">\n\t\t\t\t\t\t<div class=\"elementor-container elementor-column-gap-default\">\n\t\t\t\t\t<div class=\"elementor-column elementor-col-100 elementor-top-column elementor-element elementor-element-2f7231a4\" data-id=\"2f7231a4\" data-element_type=\"column\">\n\t\t\t<div class=\"elementor-widget-wrap elementor-element-populated\">\n\t\t\t\t\t\t<div class=\"elementor-element elementor-element-39891d9a elementor-widget elementor-widget-eael-post-list\" data-id=\"39891d9a\" data-element_type=\"widget\" data-widget_type=\"eael-post-list.default\">\n\t\t\t\t<div class=\"elementor-widget-container\">\n\t\t\t<div class=\"eael-post-list-container advanced layout-advanced\"><div class=\"eael-post-list-header\"><div class=\"post-categories\" data-nonce=\"e539f9e1d1\" data-page-id=\"1145205\" data-widget-id=\"39891d9a\" data-widget=\"39891d9a\" data-class=\"Essential_Addons_Elementor\\Pro\\Elements\\Post_List\" data-args=\"orderby=date&amp;order=desc&amp;ignore_sticky_posts=1&amp;post_status=publish&amp;posts_per_page=12&amp;offset=&amp;post_type=post&amp;tax_query%5B0%5D%5Btaxonomy%5D=category&amp;tax_query%5B0%5D%5Bfield%5D=term_id&amp;tax_query%5B0%5D%5Bterms%5D%5B0%5D=70&amp;tax_query%5B0%5D%5Bterms%5D%5B1%5D=88&amp;tax_query%5B0%5D%5Bterms%5D%5B2%5D=434&amp;tax_query%5B0%5D%5Bterms%5D%5B3%5D=2058&amp;tax_query%5Brelation%5D=AND\" data-settings=\"eael_post_list_post_feature_image=yes&amp;eael_post_list_post_meta=&amp;eael_post_list_post_title=yes&amp;eael_post_list_post_excerpt=&amp;eael_post_list_pagination=yes&amp;eael_post_list_layout_type=advanced&amp;eael_post_list_post_cat=&amp;eael_post_list_author_meta=&amp;eael_post_list_title_tag=h2&amp;eael_post_featured_image_size=large\" data-page=\"1\" data-scroll-on-pagination=\"0\" data-scroll-offset=\"100\" data-template=\"{&quot;dir&quot;:&quot;pro&quot;,&quot;file_name&quot;:&quot;advanced.php&quot;,&quot;name&quot;:&quot;Post-List&quot;}\">\n                            <a href=\"javascript:;\" data-taxonomy=\"all\" data-id=\"\" class=\"active post-list-filter-item post-list-cat-39891d9a\">Recientes<\/a><a href=\"javascript:;\" data-taxonomy=\"category\" data-id=\"70\" class=\"news post-list-filter-item post-list-cat-39891d9a\">News<\/a><a href=\"javascript:;\" data-taxonomy=\"category\" data-id=\"88\" class=\"tutorial post-list-filter-item post-list-cat-39891d9a\">Tutorial<\/a><a href=\"javascript:;\" data-taxonomy=\"category\" data-id=\"434\" class=\"wordpress post-list-filter-item post-list-cat-39891d9a\">WordPress<\/a><a href=\"javascript:;\" data-taxonomy=\"category\" data-id=\"2058\" class=\"guide post-list-filter-item post-list-cat-39891d9a\">Guide<\/a><\/div><div class=\"post-list-ajax-search-form\">\n                            <form action=\"\" id=\"post-list-search-form-39891d9a\" autocomplete=\"off\">\n                                <input type=\"hidden\" name=\"post_type\" value=\"post\">\n                                <input type=\"text\" value=\"\" placeholder=\"Buscar\" name=\"search_key\" id=\"search_field\">\n                                <i class=\"fa fa-search\"><\/i>\n                            <\/form>\n                            <div class=\"result-posts-wrapper\"><\/div>\n                        <\/div><\/div><div class=\"eael-post-list-wrap\"><div class=\"eael-post-list-posts-wrap eael-post-appender eael-post-appender-39891d9a\"><div class=\"eael-post-list-post \"><div class=\"eael-post-list-post-inner\"><div class=\"eael-post-list-thumbnail \"><a href=\"https:\/\/stagingv2.wpdeveloper.com\/es\/mas-de-10-factores-a-tener-en-cuenta-antes-de-elegir-un-alojamiento-web\/\">\n                <img decoding=\"async\" src=\"https:\/\/assets.wpdeveloper.com\/2024\/04\/image.jpeg\" alt=\"elegir un alojamiento web\">\n            <\/a><\/div><div class=\"eael-post-list-content\"><h2 class=\"eael-post-list-title\"><a href=\"https:\/\/stagingv2.wpdeveloper.com\/es\/mas-de-10-factores-a-tener-en-cuenta-antes-de-elegir-un-alojamiento-web\/\" >M\u00e1s de 10 factores a tener en cuenta antes de elegir un alojamiento web<\/a><\/h2><div class=\"boxed-meta\"><\/div><\/div><\/div><\/div><div class=\"eael-post-list-post \"><div class=\"eael-post-list-post-inner\"><div class=\"eael-post-list-thumbnail \"><a href=\"https:\/\/stagingv2.wpdeveloper.com\/es\/tu-guia-para-empezar-con-el-marketing-de-afiliacion-en-2024\/\">\n                <img decoding=\"async\" src=\"https:\/\/assets.wpdeveloper.com\/2019\/12\/How-to-do-Affiliate-Marketing.png\" alt=\"\">\n            <\/a><\/div><div class=\"eael-post-list-content\"><h2 class=\"eael-post-list-title\"><a href=\"https:\/\/stagingv2.wpdeveloper.com\/es\/tu-guia-para-empezar-con-el-marketing-de-afiliacion-en-2024\/\" >Tu gu\u00eda para empezar con el marketing de afiliaci\u00f3n en 2024<\/a><\/h2><div class=\"boxed-meta\"><\/div><\/div><\/div><\/div><div class=\"eael-post-list-post \"><div class=\"eael-post-list-post-inner\"><div class=\"eael-post-list-thumbnail \"><a href=\"https:\/\/stagingv2.wpdeveloper.com\/es\/como-integrar-la-pasarela-de-pago-y-la-caja-con-tu-sitio-elementor\/\">\n                <img decoding=\"async\" src=\"https:\/\/assets.wpdeveloper.com\/2024\/03\/1280x720-Blog-Banner-_-WPD-_-How-to-Integrate-Payment-Gateway-Checkout-With-Your-Elementor-Site.jpg\" alt=\"integrar pasarela de pago\">\n            <\/a><\/div><div class=\"eael-post-list-content\"><h2 class=\"eael-post-list-title\"><a href=\"https:\/\/stagingv2.wpdeveloper.com\/es\/como-integrar-la-pasarela-de-pago-y-la-caja-con-tu-sitio-elementor\/\" >C\u00f3mo integrar la pasarela de pago y la caja con tu sitio Elementor<\/a><\/h2><div class=\"boxed-meta\"><\/div><\/div><\/div><\/div><div class=\"eael-post-list-post \"><div class=\"eael-post-list-post-inner\"><div class=\"eael-post-list-thumbnail \"><a href=\"https:\/\/stagingv2.wpdeveloper.com\/es\/crea-una-base-de-conocimientos-generada-por-ia-en-wordpress-con-betterdocs-escribe-con-ia\/\">\n                <img decoding=\"async\" src=\"https:\/\/assets.wpdeveloper.com\/2024\/03\/Create-AI-Generated-Knowledge-Base-on-WordPress-with-BetterDocs-\u2018Write-With-AI.jpg\" alt=\"Create AI-Generated Knowledge Base on WordPress with BetterDocs Write With AI\">\n            <\/a><\/div><div class=\"eael-post-list-content\"><h2 class=\"eael-post-list-title\"><a href=\"https:\/\/stagingv2.wpdeveloper.com\/es\/crea-una-base-de-conocimientos-generada-por-ia-en-wordpress-con-betterdocs-escribe-con-ia\/\" >Crea una base de conocimientos generada por IA en WordPress con BetterDocs &#8216;Escribe con IA&#8217;<\/a><\/h2><div class=\"boxed-meta\"><\/div><\/div><\/div><\/div><div class=\"eael-post-list-post \"><div class=\"eael-post-list-post-inner\"><div class=\"eael-post-list-thumbnail \"><a href=\"https:\/\/stagingv2.wpdeveloper.com\/es\/sin-codificacion-guia-facil-para-anadir-google-translate-a-wordpress\/\">\n                <img decoding=\"async\" src=\"https:\/\/assets.wpdeveloper.com\/2024\/01\/WPD-Easy-Guide-To-Use-Google-Translate-and-How-to-Add-It-to-WordPress-1.png\" alt=\"Traducir de Google a WordPress\">\n            <\/a><\/div><div class=\"eael-post-list-content\"><h2 class=\"eael-post-list-title\"><a href=\"https:\/\/stagingv2.wpdeveloper.com\/es\/sin-codificacion-guia-facil-para-anadir-google-translate-a-wordpress\/\" >Sin Codificaci\u00f3n: Gu\u00eda f\u00e1cil para a\u00f1adir Google Translate a WordPress<\/a><\/h2><div class=\"boxed-meta\"><\/div><\/div><\/div><\/div><div class=\"eael-post-list-post \"><div class=\"eael-post-list-post-inner\"><div class=\"eael-post-list-thumbnail \"><a href=\"https:\/\/stagingv2.wpdeveloper.com\/es\/proyecto-de-liberacion-de-datos-de-wordpress-en-2024-todo-lo-que-necesitas-saber\/\">\n                <img decoding=\"async\" src=\"https:\/\/assets.wpdeveloper.com\/2023\/12\/image-41.png\" alt=\"\">\n            <\/a><\/div><div class=\"eael-post-list-content\"><h2 class=\"eael-post-list-title\"><a href=\"https:\/\/stagingv2.wpdeveloper.com\/es\/proyecto-de-liberacion-de-datos-de-wordpress-en-2024-todo-lo-que-necesitas-saber\/\" >Proyecto de Liberaci\u00f3n de Datos de WordPress en 2024: Todo Lo Que Necesitas Saber<\/a><\/h2><div class=\"boxed-meta\"><\/div><\/div><\/div><\/div><div class=\"eael-post-list-post \"><div class=\"eael-post-list-post-inner\"><div class=\"eael-post-list-thumbnail \"><a href=\"https:\/\/stagingv2.wpdeveloper.com\/es\/paleta-de-comandos-de-wordpress-como-hacer-mas-con-menos-clics-2024\/\">\n                <img decoding=\"async\" src=\"https:\/\/assets.wpdeveloper.com\/2023\/11\/Blog-Banner-WordPress-Command-Palette-How-to-Do-More-With-Fewer-Clicks-2024-scaled-1600x900.jpg\" alt=\"Paleta de comandos de WordPress\">\n            <\/a><\/div><div class=\"eael-post-list-content\"><h2 class=\"eael-post-list-title\"><a href=\"https:\/\/stagingv2.wpdeveloper.com\/es\/paleta-de-comandos-de-wordpress-como-hacer-mas-con-menos-clics-2024\/\" >Paleta de comandos de WordPress: C\u00f3mo hacer m\u00e1s con menos clics  [2024]<\/a><\/h2><div class=\"boxed-meta\"><\/div><\/div><\/div><\/div><div class=\"eael-post-list-post \"><div class=\"eael-post-list-post-inner\"><div class=\"eael-post-list-thumbnail \"><a href=\"https:\/\/stagingv2.wpdeveloper.com\/es\/grandes-cambios-en-twitter-card-y-es-bueno-para-ti\/\">\n                <img decoding=\"async\" src=\"https:\/\/stagingv2.wpdeveloper.com\/wp-content\/uploads\/2015\/07\/Twitter_Card_New_Look_in_Smartdevice_Marked-1024x701.jpg\" alt=\"\">\n            <\/a><\/div><div class=\"eael-post-list-content\"><h2 class=\"eael-post-list-title\"><a href=\"https:\/\/stagingv2.wpdeveloper.com\/es\/grandes-cambios-en-twitter-card-y-es-bueno-para-ti\/\" >Grandes cambios en Twitter Card y \u00a1es bueno para ti!<\/a><\/h2><div class=\"boxed-meta\"><\/div><\/div><\/div><\/div><div class=\"eael-post-list-post \"><div class=\"eael-post-list-post-inner\"><div class=\"eael-post-list-thumbnail \"><a href=\"https:\/\/stagingv2.wpdeveloper.com\/es\/publicar-con-todas-las-categorias\/\">\n                <img decoding=\"async\" src=\"https:\/\/assets.wpdeveloper.com\/2012\/04\/test-feature-image.jpeg\" alt=\"imagen destacada de prueba\">\n            <\/a><\/div><div class=\"eael-post-list-content\"><h2 class=\"eael-post-list-title\"><a href=\"https:\/\/stagingv2.wpdeveloper.com\/es\/publicar-con-todas-las-categorias\/\" >Publicar con todas las categor\u00edas<\/a><\/h2><div class=\"boxed-meta\"><\/div><\/div><\/div><\/div><\/div><\/div>\n\t\t<\/div><div data-nonce=\"e539f9e1d1\" class=\"post-list-pagination\" data-widget-id=\"39891d9a\" data-widget=\"39891d9a\" data-page-id=\"1145205\" data-class=\"Essential_Addons_Elementor\\Pro\\Elements\\Post_List\" data-args=\"orderby=date&amp;order=desc&amp;ignore_sticky_posts=1&amp;post_status=publish&amp;posts_per_page=12&amp;offset=&amp;post_type=post&amp;tax_query%5B0%5D%5Btaxonomy%5D=category&amp;tax_query%5B0%5D%5Bfield%5D=term_id&amp;tax_query%5B0%5D%5Bterms%5D%5B0%5D=70&amp;tax_query%5B0%5D%5Bterms%5D%5B1%5D=88&amp;tax_query%5B0%5D%5Bterms%5D%5B2%5D=434&amp;tax_query%5B0%5D%5Bterms%5D%5B3%5D=2058&amp;tax_query%5Brelation%5D=AND\" data-settings=\"eael_post_list_post_feature_image=yes&amp;eael_post_list_post_meta=&amp;eael_post_list_post_title=yes&amp;eael_post_list_post_excerpt=&amp;eael_post_list_pagination=yes&amp;eael_post_list_layout_type=advanced&amp;eael_post_list_post_cat=&amp;eael_post_list_author_meta=&amp;eael_post_list_title_tag=h2&amp;eael_post_featured_image_size=large\" data-page=\"1\" data-scroll-on-pagination=\"0\" data-scroll-offset=\"100\" data-template=\"{&quot;dir&quot;:&quot;pro&quot;,&quot;file_name&quot;:&quot;advanced.php&quot;,&quot;name&quot;:&quot;Post-List&quot;}\">\n                <button class=\"btn btn-prev-post\" id=\"post-nav-prev-39891d9a\" disabled=\"true\"><i aria-hidden=\"true\" class=\"fas fa-angle-left\"><\/i><\/button><button class=\"btn btn-next-post\" id=\"post-nav-next-39891d9a\"><i aria-hidden=\"true\" class=\"fas fa-angle-right\"><\/i><\/button>\n\t\t\t<\/div>\t\t<\/div>\n\t\t\t\t<\/div>\n\t\t\t\t<section data-particle_enable=\"false\" data-particle-mobile-disabled=\"false\" class=\"elementor-section elementor-inner-section elementor-element elementor-element-7c6beaca elementor-section-height-min-height elementor-section-content-middle elementor-hidden-desktop elementor-hidden-tablet elementor-hidden-phone elementor-section-boxed elementor-section-height-default\" data-id=\"7c6beaca\" data-element_type=\"section\" data-settings=\"{&quot;background_background&quot;:&quot;classic&quot;}\">\n\t\t\t\t\t\t<div class=\"elementor-container elementor-column-gap-default\">\n\t\t\t\t\t<div class=\"elementor-column elementor-col-50 elementor-inner-column elementor-element elementor-element-14c8970e\" data-id=\"14c8970e\" data-element_type=\"column\" data-settings=\"{&quot;background_background&quot;:&quot;classic&quot;}\">\n\t\t\t<div class=\"elementor-widget-wrap elementor-element-populated\">\n\t\t\t\t\t\t<div class=\"elementor-element elementor-element-4f0271ad elementor-widget elementor-widget-heading\" data-id=\"4f0271ad\" data-element_type=\"widget\" data-widget_type=\"heading.default\">\n\t\t\t\t<div class=\"elementor-widget-container\">\n\t\t\t<h2 class=\"elementor-heading-title elementor-size-default\">Suscr\u00edbete para recibir lo \u00faltimo<br>\nnoticias nuestras\n<\/h2>\t\t<\/div>\n\t\t\t\t<\/div>\n\t\t\t\t<div class=\"elementor-element elementor-element-4a7ef61f eael-mailchimp-message-text-default elementor-widget elementor-widget-eael-mailchimp\" data-id=\"4a7ef61f\" data-element_type=\"widget\" data-widget_type=\"eael-mailchimp.default\">\n\t\t\t\t<div class=\"elementor-widget-container\">\n\t\t\t\t\t\t\t\t<div class=\"eael-mailchimp-wrap eael-mailchimp-inline\" data-mailchimp-id=\"4a7ef61f\" data-list-id=\"9a599512fd\" data-button-text=\"Suscr\u00edbete\" data-success-text=\"\u00a1Te has suscrito correctamente!\" data-pending-text=\"Please check your email and confirm subscription!\" data-loading-text=\"Presentar...\" >\n\t\t\t\t<form id=\"eael-mailchimp-form-4a7ef61f\" method=\"POST\">\n\t\t\t\t\t<div class=\"eael-form-fields-wrapper eael-mailchimp-fields-wrapper eael-mailchimp-btn-inline\">\n\t\t\t\t\t\t<div class=\"eael-field-group eael-mailchimp-email\">\n\t\t\t\t\t\t\t<label for=\"\"><\/label>\n\t\t\t\t\t\t\t<input type=\"email\" name=\"eael_mailchimp_email\" class=\"eael-mailchimp-input\" placeholder=\"Email\" required=\"required\">\n\t\t\t\t\t\t<\/div>\n\t\t\t\t\t\t\t\t\t\t\t\t\n                        \n\t\t\t\t\t\t<div class=\"eael-field-group eael-mailchimp-submit-btn\">\n\t\t\t\t\t\t\t<button type=\"submit\" id=\"eael-subscribe-4a7ef61f\" class=\"eael-button eael-mailchimp-subscribe\">\n\t\t\t\t\t\t\t\t<div class=\"eael-btn-loader button__loader\"><\/div>\n\t\t\t\t\t\t\t\t<span>Suscr\u00edbete<\/span>\n\t\t\t\t\t\t\t<\/button>\n\t\t\t\t\t\t<\/div>\n\t\t\t\t\t<\/div>\n\t\t\t\t\t<div class=\"eael-mailchimp-message\"><\/div>\n\t\t\t\t<\/form>\n\t\t\t<\/div>\n\t\t\n\t\t<\/div>\n\t\t\t\t<\/div>\n\t\t\t\t\t<\/div>\n\t\t<\/div>\n\t\t\t\t<div class=\"elementor-column elementor-col-50 elementor-inner-column elementor-element elementor-element-740537b7\" data-id=\"740537b7\" data-element_type=\"column\" data-settings=\"{&quot;background_background&quot;:&quot;classic&quot;}\">\n\t\t\t<div class=\"elementor-widget-wrap elementor-element-populated\">\n\t\t\t\t\t\t<div class=\"elementor-element elementor-element-2c37aad elementor-widget elementor-widget-heading\" data-id=\"2c37aad\" data-element_type=\"widget\" data-widget_type=\"heading.default\">\n\t\t\t\t<div class=\"elementor-widget-container\">\n\t\t\t<h2 class=\"elementor-heading-title elementor-size-default\">A\u00f1ade aqu\u00ed tu texto de encabezamiento<\/h2>\t\t<\/div>\n\t\t\t\t<\/div>\n\t\t\t\t\t<\/div>\n\t\t<\/div>\n\t\t\t\t\t<\/div>\n\t\t<\/section>\n\t\t\t\t<div class=\"elementor-element elementor-element-3ff0f789 elementor-widget elementor-widget-eael-post-list\" data-id=\"3ff0f789\" data-element_type=\"widget\" data-widget_type=\"eael-post-list.default\">\n\t\t\t\t<div class=\"elementor-widget-container\">\n\t\t\t<div class=\"eael-post-list-container advanced layout-advanced\"><div class=\"eael-post-list-wrap\"><p class=\"no-posts-found\">No posts found!<\/p><\/div>\n\t\t<\/div>\t\t<\/div>\n\t\t\t\t<\/div>\n\t\t\t\t<div class=\"elementor-element elementor-element-3cb8bb6f elementor-widget elementor-widget-eael-post-list\" data-id=\"3cb8bb6f\" data-element_type=\"widget\" data-widget_type=\"eael-post-list.default\">\n\t\t\t\t<div class=\"elementor-widget-container\">\n\t\t\t<div class=\"eael-post-list-container advanced layout-advanced\"><div class=\"eael-post-list-wrap\"><p class=\"no-posts-found\">No posts found!<\/p><\/div>\n\t\t<\/div>\t\t<\/div>\n\t\t\t\t<\/div>\n\t\t\t\t<div class=\"elementor-element elementor-element-1281f5ae elementor-widget elementor-widget-eael-post-list\" data-id=\"1281f5ae\" data-element_type=\"widget\" data-widget_type=\"eael-post-list.default\">\n\t\t\t\t<div class=\"elementor-widget-container\">\n\t\t\t<div class=\"eael-post-list-container advanced layout-advanced\"><div class=\"eael-post-list-wrap\"><p class=\"no-posts-found\">No posts found!<\/p><\/div>\n\t\t<\/div>\t\t<\/div>\n\t\t\t\t<\/div>\n\t\t\t\t<div class=\"elementor-element elementor-element-d870d27 elementor-widget elementor-widget-eael-post-list\" data-id=\"d870d27\" data-element_type=\"widget\" data-widget_type=\"eael-post-list.default\">\n\t\t\t\t<div class=\"elementor-widget-container\">\n\t\t\t<div class=\"eael-post-list-container advanced layout-advanced\"><div class=\"eael-post-list-wrap\"><p class=\"no-posts-found\">No posts found!<\/p><\/div>\n\t\t<\/div><div data-nonce=\"e539f9e1d1\" class=\"post-list-pagination\" data-widget-id=\"d870d27\" data-widget=\"d870d27\" data-page-id=\"1145205\" data-class=\"Essential_Addons_Elementor\\Pro\\Elements\\Post_List\" data-args=\"orderby=modified&amp;order=desc&amp;ignore_sticky_posts=1&amp;post_status=publish&amp;posts_per_page=12&amp;offset=0&amp;post_type=any&amp;post__in%5B0%5D=873093&amp;post__in%5B1%5D=228003&amp;post__in%5B2%5D=1122933&amp;post__in%5B3%5D=1122507&amp;post__in%5B4%5D=1125003&amp;post__in%5B5%5D=1114016&amp;post__in%5B6%5D=1124659&amp;post__in%5B7%5D=1115076&amp;post__in%5B8%5D=131274\" data-settings=\"eael_post_list_post_feature_image=yes&amp;eael_post_list_post_meta=&amp;eael_post_list_post_title=yes&amp;eael_post_list_post_excerpt=&amp;eael_post_list_pagination=yes&amp;eael_post_list_layout_type=advanced&amp;eael_post_list_post_cat=&amp;eael_post_list_author_meta=&amp;eael_post_list_title_tag=h2&amp;eael_post_featured_image_size=large\" data-page=\"1\" data-scroll-on-pagination=\"0\" data-scroll-offset=\"100\" data-template=\"{&quot;dir&quot;:&quot;pro&quot;,&quot;file_name&quot;:&quot;advanced.php&quot;,&quot;name&quot;:&quot;Post-List&quot;}\">\n                <button class=\"btn btn-prev-post\" id=\"post-nav-prev-d870d27\" disabled=\"true\"><i aria-hidden=\"true\" class=\"fas fa-angle-left\"><\/i><\/button><button class=\"btn btn-next-post\" id=\"post-nav-next-d870d27\"><i aria-hidden=\"true\" class=\"fas fa-angle-right\"><\/i><\/button>\n\t\t\t<\/div>\t\t<\/div>\n\t\t\t\t<\/div>\n\t\t\t\t\t<\/div>\n\t\t<\/div>\n\t\t\t\t\t<\/div>\n\t\t<\/section>\n\t\t\t\t<\/div>\n\t\t","protected":false},"excerpt":{"rendered":"<p>\u00danete a nuestro AWESOME Newsletter con m\u00e1s de 6 millones de usuarios, \u00a1Para mejorar en WordPress con Consejos, Trucos y Ofertas! Inscr\u00edbete RecientesNewsTutorialWordPressGuide 10+ Factors to Consider Before Choosing a Web Host WordPress Beta Tester: How to Use It in 2024 [Complete Guide] Your Guide to Getting Started with Affiliate Marketing in 2024 How to [&hellip;]<\/p>\n","protected":false},"author":703,"featured_media":1133452,"parent":0,"menu_order":0,"comment_status":"closed","ping_status":"closed","template":"template-no-container-1.php","meta":{"_eb_attr":"","_eb_data_table":"","footnotes":""},"class_list":["post-1145205","page","type-page","status-publish","has-post-thumbnail","hentry"],"_links":{"self":[{"href":"https:\/\/stagingv2.wpdeveloper.com\/es\/wp-json\/wp\/v2\/pages\/1145205"}],"collection":[{"href":"https:\/\/stagingv2.wpdeveloper.com\/es\/wp-json\/wp\/v2\/pages"}],"about":[{"href":"https:\/\/stagingv2.wpdeveloper.com\/es\/wp-json\/wp\/v2\/types\/page"}],"author":[{"embeddable":true,"href":"https:\/\/stagingv2.wpdeveloper.com\/es\/wp-json\/wp\/v2\/users\/703"}],"replies":[{"embeddable":true,"href":"https:\/\/stagingv2.wpdeveloper.com\/es\/wp-json\/wp\/v2\/comments?post=1145205"}],"version-history":[{"count":5,"href":"https:\/\/stagingv2.wpdeveloper.com\/es\/wp-json\/wp\/v2\/pages\/1145205\/revisions"}],"predecessor-version":[{"id":1145377,"href":"https:\/\/stagingv2.wpdeveloper.com\/es\/wp-json\/wp\/v2\/pages\/1145205\/revisions\/1145377"}],"wp:featuredmedia":[{"embeddable":true,"href":"https:\/\/stagingv2.wpdeveloper.com\/es\/wp-json\/wp\/v2\/media\/1133452"}],"wp:attachment":[{"href":"https:\/\/stagingv2.wpdeveloper.com\/es\/wp-json\/wp\/v2\/media?parent=1145205"}],"curies":[{"name":"wp","href":"https:\/\/api.w.org\/{rel}","templated":true}]}}