{"id":1145216,"date":"2019-12-01T06:49:49","date_gmt":"2019-12-01T06:49:49","guid":{"rendered":"https:\/\/stagingv2.wpdeveloper.com\/carrera-profesional\/"},"modified":"2024-05-13T14:52:06","modified_gmt":"2024-05-13T14:52:06","slug":"carrera-profesional","status":"publish","type":"page","link":"https:\/\/stagingv2.wpdeveloper.com\/es\/carrera-profesional\/","title":{"rendered":"Carrera"},"content":{"rendered":"\t\t<div data-elementor-type=\"wp-page\" data-elementor-id=\"1145216\" class=\"elementor elementor-1145216 elementor-376196\" data-elementor-post-type=\"page\">\n\t\t\t\t\t\t<section data-particle_enable=\"false\" data-particle-mobile-disabled=\"false\" class=\"elementor-section elementor-top-section elementor-element elementor-element-3c7ec27 elementor-section-boxed elementor-section-height-default elementor-section-height-default\" data-id=\"3c7ec27\" data-element_type=\"section\" data-settings=\"{&quot;background_background&quot;:&quot;classic&quot;}\">\n\t\t\t\t\t\t<div class=\"elementor-container elementor-column-gap-default\">\n\t\t\t\t\t<div class=\"elementor-column elementor-col-100 elementor-top-column elementor-element elementor-element-e977260\" data-id=\"e977260\" data-element_type=\"column\">\n\t\t\t<div class=\"elementor-widget-wrap elementor-element-populated\">\n\t\t\t\t\t\t<div class=\"elementor-element elementor-element-cc8b163 elementor-widget elementor-widget-heading\" data-id=\"cc8b163\" data-element_type=\"widget\" data-widget_type=\"heading.default\">\n\t\t\t\t<div class=\"elementor-widget-container\">\n\t\t\t<h2 class=\"elementor-heading-title elementor-size-default\">Trabaja con nosotros\n<\/h2>\t\t<\/div>\n\t\t\t\t<\/div>\n\t\t\t\t<div class=\"elementor-element elementor-element-bd11e89 elementor-widget elementor-widget-text-editor\" data-id=\"bd11e89\" data-element_type=\"widget\" data-widget_type=\"text-editor.default\">\n\t\t\t\t<div class=\"elementor-widget-container\">\n\t\t\t\t\t\t\t<p>\u00bfQuieres servir a una audiencia global y llevar tu carrera al siguiente nivel?  <a href=\"https:\/\/wpdeveloper.com\/jobs\/#opening\">Estamos contratando.<\/a><\/p>\n\t\t\t\t\t\t<\/div>\n\t\t\t\t<\/div>\n\t\t\t\t\t<\/div>\n\t\t<\/div>\n\t\t\t\t\t<\/div>\n\t\t<\/section>\n\t\t\t\t<section data-particle_enable=\"false\" data-particle-mobile-disabled=\"false\" class=\"elementor-section elementor-top-section elementor-element elementor-element-6ff9d33 elementor-section-boxed elementor-section-height-default elementor-section-height-default\" data-id=\"6ff9d33\" data-element_type=\"section\">\n\t\t\t\t\t\t<div class=\"elementor-container elementor-column-gap-default\">\n\t\t\t\t\t<div class=\"elementor-column elementor-col-100 elementor-top-column elementor-element elementor-element-1f0e9c0\" data-id=\"1f0e9c0\" data-element_type=\"column\">\n\t\t\t<div class=\"elementor-widget-wrap elementor-element-populated\">\n\t\t\t\t\t\t<section data-particle_enable=\"false\" data-particle-mobile-disabled=\"false\" class=\"elementor-section elementor-inner-section elementor-element elementor-element-44325b0 elementor-section-boxed elementor-section-height-default elementor-section-height-default\" data-id=\"44325b0\" data-element_type=\"section\">\n\t\t\t\t\t\t<div class=\"elementor-container elementor-column-gap-default\">\n\t\t\t\t\t<div class=\"elementor-column elementor-col-50 elementor-inner-column elementor-element elementor-element-132c0a7\" data-id=\"132c0a7\" data-element_type=\"column\">\n\t\t\t<div class=\"elementor-widget-wrap elementor-element-populated\">\n\t\t\t\t\t\t<div class=\"elementor-element elementor-element-5400074 elementor-widget elementor-widget-image\" data-id=\"5400074\" data-element_type=\"widget\" data-widget_type=\"image.default\">\n\t\t\t\t<div class=\"elementor-widget-container\">\n\t\t\t\t\t\t\t\t\t\t\t\t\t<img fetchpriority=\"high\" decoding=\"async\" width=\"570\" height=\"423\" src=\"https:\/\/assets.wpdeveloper.com\/2019\/06\/World-Map-with-Banner.gif\" class=\"attachment-full size-full wp-image-281657 wp-stateless-item\" alt=\"wpdeveloper\" data-image-size=\"full\" data-stateless-media-bucket=\"assets.wpdeveloper.com\" data-stateless-media-name=\"2019\/06\/World-Map-with-Banner.gif\" \/>\t\t\t\t\t\t\t\t\t\t\t\t\t<\/div>\n\t\t\t\t<\/div>\n\t\t\t\t\t<\/div>\n\t\t<\/div>\n\t\t\t\t<div class=\"elementor-column elementor-col-50 elementor-inner-column elementor-element elementor-element-a69dc11\" data-id=\"a69dc11\" data-element_type=\"column\">\n\t\t\t<div class=\"elementor-widget-wrap elementor-element-populated\">\n\t\t\t\t\t\t<div class=\"elementor-element elementor-element-752873a elementor-widget elementor-widget-text-editor\" data-id=\"752873a\" data-element_type=\"widget\" data-widget_type=\"text-editor.default\">\n\t\t\t\t<div class=\"elementor-widget-container\">\n\t\t\t\t\t\t\t<p>WPDeveloper es una empresa de productos de software centrada en el desarrollo de productos WordPress y SAAS. El objetivo de la empresa es mejorar la experiencia de creaci\u00f3n web de los usuarios proporcionando soluciones de primera categor\u00eda que ayuden a las empresas a crecer.<\/p>\n<p>El equipo de WPDeveloper cree firmemente que &#8220;bueno para el negocio&#8221; deber\u00eda significar tambi\u00e9n &#8220;bueno para los clientes&#8221;. El objetivo es hacer que el desarrollo de sitios web sea m\u00e1s f\u00e1cil, r\u00e1pido y eficaz, para que los usuarios puedan centrarse en lo que realmente importa para su negocio.<\/p>\n<p>Con m\u00e1s de 6 millones de usuarios satisfechos de m\u00e1s de 180 pa\u00edses, la empresa desarrolla constantemente plugins avanzados de WordPress y soluciones SAAS para ofrecer la mejor experiencia posible a los usuarios.<\/p>\n\t\t\t\t\t\t<\/div>\n\t\t\t\t<\/div>\n\t\t\t\t\t<\/div>\n\t\t<\/div>\n\t\t\t\t\t<\/div>\n\t\t<\/section>\n\t\t\t\t\t<\/div>\n\t\t<\/div>\n\t\t\t\t\t<\/div>\n\t\t<\/section>\n\t\t\t\t<section data-particle_enable=\"false\" data-particle-mobile-disabled=\"false\" class=\"elementor-section elementor-top-section elementor-element elementor-element-4492071a elementor-section-boxed elementor-section-height-default elementor-section-height-default\" data-id=\"4492071a\" data-element_type=\"section\" data-settings=\"{&quot;background_background&quot;:&quot;classic&quot;}\">\n\t\t\t\t\t\t<div class=\"elementor-container elementor-column-gap-default\">\n\t\t\t\t\t<div class=\"elementor-column elementor-col-100 elementor-top-column elementor-element elementor-element-6facae47\" data-id=\"6facae47\" data-element_type=\"column\">\n\t\t\t<div class=\"elementor-widget-wrap elementor-element-populated\">\n\t\t\t\t\t\t<section data-particle_enable=\"false\" data-particle-mobile-disabled=\"false\" class=\"elementor-section elementor-inner-section elementor-element elementor-element-631e3a90 elementor-section-boxed elementor-section-height-default elementor-section-height-default\" data-id=\"631e3a90\" data-element_type=\"section\">\n\t\t\t\t\t\t<div class=\"elementor-container elementor-column-gap-default\">\n\t\t\t\t\t<div class=\"elementor-column elementor-col-25 elementor-inner-column elementor-element elementor-element-7a6aa34e\" data-id=\"7a6aa34e\" data-element_type=\"column\">\n\t\t\t<div class=\"elementor-widget-wrap elementor-element-populated\">\n\t\t\t\t\t\t<div class=\"elementor-element elementor-element-3e206f7a elementor-widget elementor-widget-eael-counter\" data-id=\"3e206f7a\" data-element_type=\"widget\" data-widget_type=\"eael-counter.default\">\n\t\t\t\t<div class=\"elementor-widget-container\">\n\t\t\t        <div class=\"eael-counter-container\">\n            <div class=\"eael-counter eael-counter-3e206f7a eael-counter-layout-1\" data-target=\".eael-counter-number-3e206f7a\">\n                                                    \n                    <div class=\"eael-counter-number-title-wrap\">\n                        <div class=\"eael-counter-number-wrap\">\n                                                        <div class=\"eael-counter-number eael-counter-number-3e206f7a\" data-to=\"110\" data-speed=\"1500\">\n                                0\n                            <\/div>\n                            <span class=\"eael-counter-number-suffix\">+<\/span>                        <\/div>\n\n                        \n                        <div class=\"eael-counter-title\">Miembros del equipo<\/div>                    <\/div>\n                            <\/div>\n        <\/div><!-- .eael-counter-container -->\n        \t\t<\/div>\n\t\t\t\t<\/div>\n\t\t\t\t\t<\/div>\n\t\t<\/div>\n\t\t\t\t<div class=\"elementor-column elementor-col-25 elementor-inner-column elementor-element elementor-element-24260aad\" data-id=\"24260aad\" data-element_type=\"column\">\n\t\t\t<div class=\"elementor-widget-wrap elementor-element-populated\">\n\t\t\t\t\t\t<div class=\"elementor-element elementor-element-62a8115c elementor-widget elementor-widget-eael-counter\" data-id=\"62a8115c\" data-element_type=\"widget\" data-widget_type=\"eael-counter.default\">\n\t\t\t\t<div class=\"elementor-widget-container\">\n\t\t\t        <div class=\"eael-counter-container\">\n            <div class=\"eael-counter eael-counter-62a8115c eael-counter-layout-1\" data-target=\".eael-counter-number-62a8115c\">\n                                                    \n                    <div class=\"eael-counter-number-title-wrap\">\n                        <div class=\"eael-counter-number-wrap\">\n                                                        <div class=\"eael-counter-number eael-counter-number-62a8115c\" data-to=\"30\" data-speed=\"1500\">\n                                0\n                            <\/div>\n                            <span class=\"eael-counter-number-suffix\">+<\/span>                        <\/div>\n\n                        \n                        <div class=\"eael-counter-title\">Productos totales<\/div>                    <\/div>\n                            <\/div>\n        <\/div><!-- .eael-counter-container -->\n        \t\t<\/div>\n\t\t\t\t<\/div>\n\t\t\t\t\t<\/div>\n\t\t<\/div>\n\t\t\t\t<div class=\"elementor-column elementor-col-25 elementor-inner-column elementor-element elementor-element-a385440\" data-id=\"a385440\" data-element_type=\"column\">\n\t\t\t<div class=\"elementor-widget-wrap elementor-element-populated\">\n\t\t\t\t\t\t<div class=\"elementor-element elementor-element-538e74a elementor-widget elementor-widget-eael-counter\" data-id=\"538e74a\" data-element_type=\"widget\" data-widget_type=\"eael-counter.default\">\n\t\t\t\t<div class=\"elementor-widget-container\">\n\t\t\t        <div class=\"eael-counter-container\">\n            <div class=\"eael-counter eael-counter-538e74a eael-counter-layout-1\" data-target=\".eael-counter-number-538e74a\">\n                                                    \n                    <div class=\"eael-counter-number-title-wrap\">\n                        <div class=\"eael-counter-number-wrap\">\n                                                        <div class=\"eael-counter-number eael-counter-number-538e74a\" data-to=\"6\" data-speed=\"1500\">\n                                0\n                            <\/div>\n                            <span class=\"eael-counter-number-suffix\">M\u00e1s de un mill\u00f3n<\/span>                        <\/div>\n\n                        \n                        <div class=\"eael-counter-title\">Usuarios satisfechos<\/div>                    <\/div>\n                            <\/div>\n        <\/div><!-- .eael-counter-container -->\n        \t\t<\/div>\n\t\t\t\t<\/div>\n\t\t\t\t\t<\/div>\n\t\t<\/div>\n\t\t\t\t<div class=\"elementor-column elementor-col-25 elementor-inner-column elementor-element elementor-element-224b0983\" data-id=\"224b0983\" data-element_type=\"column\">\n\t\t\t<div class=\"elementor-widget-wrap elementor-element-populated\">\n\t\t\t\t\t\t<div class=\"elementor-element elementor-element-380793ba elementor-position-top elementor-widget elementor-widget-image-box\" data-id=\"380793ba\" data-element_type=\"widget\" data-widget_type=\"image-box.default\">\n\t\t\t\t<div class=\"elementor-widget-container\">\n\t\t\t<div class=\"elementor-image-box-wrapper\"><figure class=\"elementor-image-box-img\"><img decoding=\"async\" width=\"123\" height=\"60\" src=\"https:\/\/assets.wpdeveloper.com\/2019\/06\/Happy-Moments2x.png\" class=\"attachment-full size-full wp-image-267454 wp-stateless-item\" alt=\"\" data-image-size=\"full\" data-stateless-media-bucket=\"assets.wpdeveloper.com\" data-stateless-media-name=\"2019\/06\/Happy-Moments2x.png\" \/><\/figure><div class=\"elementor-image-box-content\"><h3 class=\"elementor-image-box-title\">Momentos felices<\/h3><\/div><\/div>\t\t<\/div>\n\t\t\t\t<\/div>\n\t\t\t\t\t<\/div>\n\t\t<\/div>\n\t\t\t\t\t<\/div>\n\t\t<\/section>\n\t\t\t\t\t<\/div>\n\t\t<\/div>\n\t\t\t\t\t<\/div>\n\t\t<\/section>\n\t\t\t\t<section data-particle_enable=\"false\" data-particle-mobile-disabled=\"false\" class=\"elementor-section elementor-top-section elementor-element elementor-element-ef905a5 elementor-section-boxed elementor-section-height-default elementor-section-height-default\" data-id=\"ef905a5\" data-element_type=\"section\" id=\"opening\">\n\t\t\t\t\t\t<div class=\"elementor-container elementor-column-gap-default\">\n\t\t\t\t\t<div class=\"elementor-column elementor-col-100 elementor-top-column elementor-element elementor-element-390a578\" data-id=\"390a578\" data-element_type=\"column\">\n\t\t\t<div class=\"elementor-widget-wrap elementor-element-populated\">\n\t\t\t\t\t\t<div class=\"elementor-element elementor-element-0bf0a93 ej-landingpage-alignment-center ej-job-apply-btn-alignment-center elementor-widget elementor-widget-easyjobs-job-list\" data-id=\"0bf0a93\" data-element_type=\"widget\" data-widget_type=\"easyjobs-job-list.default\">\n\t\t\t\t<div class=\"elementor-widget-container\">\n\t\t\t<div class=\"ej-job-body easyjobs-elementor easyjobs-elementor-job-list\"><br \/>\n<b>Warning<\/b>:  Attempt to read property \"jobs\" on array in <b>\/var\/www\/stagingv2.wpdeveloper.com\/wp-content\/plugins\/easyjobs\/includes\/elementor\/trait-easyjobs-elementor-template.php<\/b> on line <b>311<\/b><br \/>\n<br \/>\n<b>Warning<\/b>:  Attempt to read property \"categories\" on array in <b>\/var\/www\/stagingv2.wpdeveloper.com\/wp-content\/plugins\/easyjobs\/includes\/elementor\/trait-easyjobs-elementor-template.php<\/b> on line <b>312<\/b><br \/>\n<br \/>\n<b>Warning<\/b>:  Attempt to read property \"locations\" on array in <b>\/var\/www\/stagingv2.wpdeveloper.com\/wp-content\/plugins\/easyjobs\/includes\/elementor\/trait-easyjobs-elementor-template.php<\/b> on line <b>313<\/b><br \/>\n\n    <h3 class=\"empty-message mt-10\">\n        No jobs found.    <\/h3>\n<\/div>\t\t\t\t<\/div>\n\t\t\t\t<\/div>\n\t\t\t\t\t<\/div>\n\t\t<\/div>\n\t\t\t\t\t<\/div>\n\t\t<\/section>\n\t\t\t\t<section data-particle_enable=\"false\" data-particle-mobile-disabled=\"false\" class=\"elementor-section elementor-top-section elementor-element elementor-element-46248d6 elementor-section-boxed elementor-section-height-default elementor-section-height-default\" data-id=\"46248d6\" data-element_type=\"section\">\n\t\t\t\t\t\t<div class=\"elementor-container elementor-column-gap-default\">\n\t\t\t\t\t<div class=\"elementor-column elementor-col-100 elementor-top-column elementor-element elementor-element-d473fa8\" data-id=\"d473fa8\" data-element_type=\"column\">\n\t\t\t<div class=\"elementor-widget-wrap elementor-element-populated\">\n\t\t\t\t\t\t<section data-particle_enable=\"false\" data-particle-mobile-disabled=\"false\" class=\"elementor-section elementor-inner-section elementor-element elementor-element-403e121 elementor-section-content-middle elementor-section-boxed elementor-section-height-default elementor-section-height-default\" data-id=\"403e121\" data-element_type=\"section\">\n\t\t\t\t\t\t<div class=\"elementor-container elementor-column-gap-default\">\n\t\t\t\t\t<div class=\"elementor-column elementor-col-50 elementor-inner-column elementor-element elementor-element-ab75687\" data-id=\"ab75687\" data-element_type=\"column\">\n\t\t\t<div class=\"elementor-widget-wrap elementor-element-populated\">\n\t\t\t\t\t\t<div class=\"elementor-element elementor-element-72ebdd6 elementor-widget elementor-widget-heading\" data-id=\"72ebdd6\" data-element_type=\"widget\" data-widget_type=\"heading.default\">\n\t\t\t\t<div class=\"elementor-widget-container\">\n\t\t\t<h2 class=\"elementor-heading-title elementor-size-default\">Encendido<br>\nM\u00e1s de 6 millones de sitios web<\/h2>\t\t<\/div>\n\t\t\t\t<\/div>\n\t\t\t\t<div class=\"elementor-element elementor-element-ef63bb5 elementor-widget elementor-widget-text-editor\" data-id=\"ef63bb5\" data-element_type=\"widget\" data-widget_type=\"text-editor.default\">\n\t\t\t\t<div class=\"elementor-widget-container\">\n\t\t\t\t\t\t\t<p>Con nuestros populares productos WordPress, hemos llegado a<br \/>miles y miles de personas utilizan nuestros productos para mejorar su experiencia de creaci\u00f3n de p\u00e1ginas web con WordPress. Y este \u00e9xito proviene de la verdadera dedicaci\u00f3n, el trabajo en equipo, la constancia y la experiencia a lo largo de los a\u00f1os.<\/p>\n\t\t\t\t\t\t<\/div>\n\t\t\t\t<\/div>\n\t\t\t\t\t<\/div>\n\t\t<\/div>\n\t\t\t\t<div class=\"elementor-column elementor-col-50 elementor-inner-column elementor-element elementor-element-2b2bfcf\" data-id=\"2b2bfcf\" data-element_type=\"column\">\n\t\t\t<div class=\"elementor-widget-wrap elementor-element-populated\">\n\t\t\t\t\t\t<div class=\"elementor-element elementor-element-e97cfa8 elementor-widget elementor-widget-image\" data-id=\"e97cfa8\" data-element_type=\"widget\" data-widget_type=\"image.default\">\n\t\t\t\t<div class=\"elementor-widget-container\">\n\t\t\t\t\t\t\t\t\t\t\t\t\t<img decoding=\"async\" width=\"736\" height=\"717\" src=\"https:\/\/assets.wpdeveloper.com\/2023\/09\/WPDeveloper-About-page-Powering-Up-5-Million-Websites-2.png\" class=\"attachment-full size-full wp-image-1125926 wp-stateless-item\" alt=\"\" srcset=\"https:\/\/assets.wpdeveloper.com\/2023\/09\/WPDeveloper-About-page-Powering-Up-5-Million-Websites-2.png 736w, https:\/\/assets.wpdeveloper.com\/2023\/09\/WPDeveloper-About-page-Powering-Up-5-Million-Websites-2-600x585.png 600w, https:\/\/assets.wpdeveloper.com\/2023\/09\/WPDeveloper-About-page-Powering-Up-5-Million-Websites-2-360x351.png 360w\" sizes=\"(max-width: 736px) 100vw, 736px\" data-image-size=\"full\" data-stateless-media-bucket=\"assets.wpdeveloper.com\" data-stateless-media-name=\"2023\/09\/WPDeveloper-About-page-Powering-Up-5-Million-Websites-2.png\" \/>\t\t\t\t\t\t\t\t\t\t\t\t\t<\/div>\n\t\t\t\t<\/div>\n\t\t\t\t\t<\/div>\n\t\t<\/div>\n\t\t\t\t\t<\/div>\n\t\t<\/section>\n\t\t\t\t\t<\/div>\n\t\t<\/div>\n\t\t\t\t\t<\/div>\n\t\t<\/section>\n\t\t\t\t<\/div>\n\t\t","protected":false},"excerpt":{"rendered":"<p>Trabaja con nosotros \u00bfQuieres servir a una audiencia global y llevar tu carrera al siguiente nivel? Estamos contratando. WPDeveloper es una empresa de productos de software centrada en el desarrollo de productos WordPress y SAAS. El objetivo de la empresa es mejorar la experiencia de creaci\u00f3n web de los usuarios proporcionando soluciones de primera categor\u00eda [&hellip;]<\/p>\n","protected":false},"author":703,"featured_media":1141150,"parent":0,"menu_order":0,"comment_status":"closed","ping_status":"closed","template":"","meta":{"_eb_attr":"","_eb_data_table":"","footnotes":""},"class_list":["post-1145216","page","type-page","status-publish","has-post-thumbnail","hentry"],"_links":{"self":[{"href":"https:\/\/stagingv2.wpdeveloper.com\/es\/wp-json\/wp\/v2\/pages\/1145216"}],"collection":[{"href":"https:\/\/stagingv2.wpdeveloper.com\/es\/wp-json\/wp\/v2\/pages"}],"about":[{"href":"https:\/\/stagingv2.wpdeveloper.com\/es\/wp-json\/wp\/v2\/types\/page"}],"author":[{"embeddable":true,"href":"https:\/\/stagingv2.wpdeveloper.com\/es\/wp-json\/wp\/v2\/users\/703"}],"replies":[{"embeddable":true,"href":"https:\/\/stagingv2.wpdeveloper.com\/es\/wp-json\/wp\/v2\/comments?post=1145216"}],"version-history":[{"count":10,"href":"https:\/\/stagingv2.wpdeveloper.com\/es\/wp-json\/wp\/v2\/pages\/1145216\/revisions"}],"predecessor-version":[{"id":1145345,"href":"https:\/\/stagingv2.wpdeveloper.com\/es\/wp-json\/wp\/v2\/pages\/1145216\/revisions\/1145345"}],"wp:featuredmedia":[{"embeddable":true,"href":"https:\/\/stagingv2.wpdeveloper.com\/es\/wp-json\/wp\/v2\/media\/1141150"}],"wp:attachment":[{"href":"https:\/\/stagingv2.wpdeveloper.com\/es\/wp-json\/wp\/v2\/media?parent=1145216"}],"curies":[{"name":"wp","href":"https:\/\/api.w.org\/{rel}","templated":true}]}}